{"id":174,"date":"2021-02-01T18:58:23","date_gmt":"2021-02-01T16:58:23","guid":{"rendered":"http:\/\/www.motorwheel.fi\/wordpress\/?page_id=174"},"modified":"2025-01-25T11:06:03","modified_gmt":"2025-01-25T09:06:03","slug":"mopotarvikkeet","status":"publish","type":"page","link":"https:\/\/www.motorwheel.fi\/wordpress\/mopotarvikkeet\/","title":{"rendered":"Mopotarvikkeet"},"content":{"rendered":"\n<p>Mopotarvikevalikoimamme koostuu l\u00e4hinn\u00e4 Tunturi Puch (Pappa-Tunturi, Sport, Super Sport, DX, Trial, Tiger, Break, City, Magnum), Suzuki (PV, R, S, S1) ja Honda Monkey varaosista.<\/p>\n\n\n\n<p>Helpoiten p\u00e4\u00e4set tutustumaan tuotevalikoimaan joko tori.fi tai huuto.net kautta oheisten linkkien avulla. Mik\u00e4li et l\u00f6yd\u00e4 tarvitsemaasi osaa niin ota rohkeasti yhteytt\u00e4!<\/p>\n\n\n\n<p>Varaosamyyntiin ei ole omaa verkkokauppaa, joten tilaukset s\u00e4hk\u00f6postilla <a href=\"mailto:myynti@motorwheel.fi\">myynti@motorwheel.fi<\/a> , puhelimitse\/viestitse 0442930285 <\/p>\n\n\n\n<p>Linkki torin palveluun: <a href=\"https:\/\/www.tori.fi\/tori-kaupat\/motorwheel-ylivieska?\">Tori-kauppa &#8211; MOTORWHEEL, Ylivieska<\/a><\/p>\n\n\n\n<p>Linkki huutonetin palveluun: <a href=\"https:\/\/www.huuto.net\/kayttaja\/2725276\">MOTORWHEEL &#8211; Palautteet ja oma kuvaus &#8211; Huuto.net<\/a><\/p>\n\n\n\n<p><\/p>\n","protected":false},"excerpt":{"rendered":"<p>Mopotarvikevalikoimamme koostuu l\u00e4hinn\u00e4 Tunturi Puch (Pappa-Tunturi, Sport, Super Sport, DX, Trial, Tiger, Break, City, Magnum), Suzuki (PV, R, S, S1) ja Honda Monkey varaosista. Helpoiten p\u00e4\u00e4set tutustumaan tuotevalikoimaan joko tori.fi tai huuto.net kautta oheisten linkkien avulla. Mik\u00e4li et l\u00f6yd\u00e4 tarvitsemaasi osaa niin ota rohkeasti yhteytt\u00e4! Varaosamyyntiin ei ole omaa verkkokauppaa, joten tilaukset s\u00e4hk\u00f6postilla myynti@motorwheel.fi , &hellip; <\/p>\n<p class=\"link-more\"><a href=\"https:\/\/www.motorwheel.fi\/wordpress\/mopotarvikkeet\/\" class=\"more-link\">Jatka lukemista<span class=\"screen-reader-text\"> &#8221;Mopotarvikkeet&#8221;<\/span><\/a><\/p>\n","protected":false},"author":1,"featured_media":0,"parent":0,"menu_order":0,"comment_status":"closed","ping_status":"closed","template":"","meta":{"footnotes":""},"class_list":["post-174","page","type-page","status-publish","hentry"],"yoast_head":"<!-- This site is optimized with the Yoast SEO plugin v23.1 - https:\/\/yoast.com\/wordpress\/plugins\/seo\/ -->\n<title>Mopotarvikkeet - Motorwheel<\/title>\n<meta name=\"description\" content=\"Mopotarvikkeet Motorwheel Joustavaa, asiakaskeskeist\u00e4 rengaspalvelua autoilijoille. Renkaat, vanteet ja rengasty\u00f6t Ylivieskasta edullisesti.\" \/>\n<meta name=\"robots\" content=\"index, follow, max-snippet:-1, max-image-preview:large, max-video-preview:-1\" \/>\n<link rel=\"canonical\" href=\"https:\/\/www.motorwheel.fi\/wordpress\/mopotarvikkeet\/\" \/>\n<meta property=\"og:locale\" content=\"fi_FI\" \/>\n<meta property=\"og:type\" content=\"article\" \/>\n<meta property=\"og:title\" content=\"Mopotarvikkeet - Motorwheel\" \/>\n<meta property=\"og:description\" content=\"Mopotarvikkeet Motorwheel Joustavaa, asiakaskeskeist\u00e4 rengaspalvelua autoilijoille. Renkaat, vanteet ja rengasty\u00f6t Ylivieskasta edullisesti.\" \/>\n<meta property=\"og:url\" content=\"https:\/\/www.motorwheel.fi\/wordpress\/mopotarvikkeet\/\" \/>\n<meta property=\"og:site_name\" content=\"Motorwheel\" \/>\n<meta property=\"article:modified_time\" content=\"2025-01-25T09:06:03+00:00\" \/>\n<meta name=\"twitter:card\" content=\"summary_large_image\" \/>\n<meta name=\"twitter:label1\" content=\"Arvioitu lukuaika\" \/>\n\t<meta name=\"twitter:data1\" content=\"1 minuutti\" \/>\n<script type=\"application\/ld+json\" class=\"yoast-schema-graph\">{\"@context\":\"https:\/\/schema.org\",\"@graph\":[{\"@type\":\"WebPage\",\"@id\":\"https:\/\/www.motorwheel.fi\/wordpress\/mopotarvikkeet\/\",\"url\":\"https:\/\/www.motorwheel.fi\/wordpress\/mopotarvikkeet\/\",\"name\":\"Mopotarvikkeet - Motorwheel\",\"isPartOf\":{\"@id\":\"https:\/\/www.motorwheel.fi\/wordpress\/#website\"},\"datePublished\":\"2021-02-01T16:58:23+00:00\",\"dateModified\":\"2025-01-25T09:06:03+00:00\",\"description\":\"Mopotarvikkeet Motorwheel Joustavaa, asiakaskeskeist\u00e4 rengaspalvelua autoilijoille. Renkaat, vanteet ja rengasty\u00f6t Ylivieskasta edullisesti.\",\"breadcrumb\":{\"@id\":\"https:\/\/www.motorwheel.fi\/wordpress\/mopotarvikkeet\/#breadcrumb\"},\"inLanguage\":\"fi\",\"potentialAction\":[{\"@type\":\"ReadAction\",\"target\":[\"https:\/\/www.motorwheel.fi\/wordpress\/mopotarvikkeet\/\"]}]},{\"@type\":\"BreadcrumbList\",\"@id\":\"https:\/\/www.motorwheel.fi\/wordpress\/mopotarvikkeet\/#breadcrumb\",\"itemListElement\":[{\"@type\":\"ListItem\",\"position\":1,\"name\":\"Home\",\"item\":\"https:\/\/www.motorwheel.fi\/wordpress\/\"},{\"@type\":\"ListItem\",\"position\":2,\"name\":\"Mopotarvikkeet\"}]},{\"@type\":\"WebSite\",\"@id\":\"https:\/\/www.motorwheel.fi\/wordpress\/#website\",\"url\":\"https:\/\/www.motorwheel.fi\/wordpress\/\",\"name\":\"Motorwheel\",\"description\":\"Joustavaa ja asiakaskeskeist\u00e4 rengaspalvelua autoilijoille sek\u00e4 mopotarvikkeet klassikkomopoihin\",\"publisher\":{\"@id\":\"https:\/\/www.motorwheel.fi\/wordpress\/#organization\"},\"potentialAction\":[{\"@type\":\"SearchAction\",\"target\":{\"@type\":\"EntryPoint\",\"urlTemplate\":\"https:\/\/www.motorwheel.fi\/wordpress\/?s={search_term_string}\"},\"query-input\":\"required name=search_term_string\"}],\"inLanguage\":\"fi\"},{\"@type\":\"Organization\",\"@id\":\"https:\/\/www.motorwheel.fi\/wordpress\/#organization\",\"name\":\"Motorwheel\",\"url\":\"https:\/\/www.motorwheel.fi\/wordpress\/\",\"logo\":{\"@type\":\"ImageObject\",\"inLanguage\":\"fi\",\"@id\":\"https:\/\/www.motorwheel.fi\/wordpress\/#\/schema\/logo\/image\/\",\"url\":\"https:\/\/www.motorwheel.fi\/wordpress\/wp-content\/uploads\/2019\/06\/LOGO7.jpg\",\"contentUrl\":\"https:\/\/www.motorwheel.fi\/wordpress\/wp-content\/uploads\/2019\/06\/LOGO7.jpg\",\"width\":1280,\"height\":782,\"caption\":\"Motorwheel\"},\"image\":{\"@id\":\"https:\/\/www.motorwheel.fi\/wordpress\/#\/schema\/logo\/image\/\"}}]}<\/script>\n<!-- \/ Yoast SEO plugin. -->","yoast_head_json":{"title":"Mopotarvikkeet - Motorwheel","description":"Mopotarvikkeet Motorwheel Joustavaa, asiakaskeskeist\u00e4 rengaspalvelua autoilijoille. Renkaat, vanteet ja rengasty\u00f6t Ylivieskasta edullisesti.","robots":{"index":"index","follow":"follow","max-snippet":"max-snippet:-1","max-image-preview":"max-image-preview:large","max-video-preview":"max-video-preview:-1"},"canonical":"https:\/\/www.motorwheel.fi\/wordpress\/mopotarvikkeet\/","og_locale":"fi_FI","og_type":"article","og_title":"Mopotarvikkeet - Motorwheel","og_description":"Mopotarvikkeet Motorwheel Joustavaa, asiakaskeskeist\u00e4 rengaspalvelua autoilijoille. Renkaat, vanteet ja rengasty\u00f6t Ylivieskasta edullisesti.","og_url":"https:\/\/www.motorwheel.fi\/wordpress\/mopotarvikkeet\/","og_site_name":"Motorwheel","article_modified_time":"2025-01-25T09:06:03+00:00","twitter_card":"summary_large_image","twitter_misc":{"Arvioitu lukuaika":"1 minuutti"},"schema":{"@context":"https:\/\/schema.org","@graph":[{"@type":"WebPage","@id":"https:\/\/www.motorwheel.fi\/wordpress\/mopotarvikkeet\/","url":"https:\/\/www.motorwheel.fi\/wordpress\/mopotarvikkeet\/","name":"Mopotarvikkeet - Motorwheel","isPartOf":{"@id":"https:\/\/www.motorwheel.fi\/wordpress\/#website"},"datePublished":"2021-02-01T16:58:23+00:00","dateModified":"2025-01-25T09:06:03+00:00","description":"Mopotarvikkeet Motorwheel Joustavaa, asiakaskeskeist\u00e4 rengaspalvelua autoilijoille. Renkaat, vanteet ja rengasty\u00f6t Ylivieskasta edullisesti.","breadcrumb":{"@id":"https:\/\/www.motorwheel.fi\/wordpress\/mopotarvikkeet\/#breadcrumb"},"inLanguage":"fi","potentialAction":[{"@type":"ReadAction","target":["https:\/\/www.motorwheel.fi\/wordpress\/mopotarvikkeet\/"]}]},{"@type":"BreadcrumbList","@id":"https:\/\/www.motorwheel.fi\/wordpress\/mopotarvikkeet\/#breadcrumb","itemListElement":[{"@type":"ListItem","position":1,"name":"Home","item":"https:\/\/www.motorwheel.fi\/wordpress\/"},{"@type":"ListItem","position":2,"name":"Mopotarvikkeet"}]},{"@type":"WebSite","@id":"https:\/\/www.motorwheel.fi\/wordpress\/#website","url":"https:\/\/www.motorwheel.fi\/wordpress\/","name":"Motorwheel","description":"Joustavaa ja asiakaskeskeist\u00e4 rengaspalvelua autoilijoille sek\u00e4 mopotarvikkeet klassikkomopoihin","publisher":{"@id":"https:\/\/www.motorwheel.fi\/wordpress\/#organization"},"potentialAction":[{"@type":"SearchAction","target":{"@type":"EntryPoint","urlTemplate":"https:\/\/www.motorwheel.fi\/wordpress\/?s={search_term_string}"},"query-input":"required name=search_term_string"}],"inLanguage":"fi"},{"@type":"Organization","@id":"https:\/\/www.motorwheel.fi\/wordpress\/#organization","name":"Motorwheel","url":"https:\/\/www.motorwheel.fi\/wordpress\/","logo":{"@type":"ImageObject","inLanguage":"fi","@id":"https:\/\/www.motorwheel.fi\/wordpress\/#\/schema\/logo\/image\/","url":"https:\/\/www.motorwheel.fi\/wordpress\/wp-content\/uploads\/2019\/06\/LOGO7.jpg","contentUrl":"https:\/\/www.motorwheel.fi\/wordpress\/wp-content\/uploads\/2019\/06\/LOGO7.jpg","width":1280,"height":782,"caption":"Motorwheel"},"image":{"@id":"https:\/\/www.motorwheel.fi\/wordpress\/#\/schema\/logo\/image\/"}}]}},"_links":{"self":[{"href":"https:\/\/www.motorwheel.fi\/wordpress\/wp-json\/wp\/v2\/pages\/174"}],"collection":[{"href":"https:\/\/www.motorwheel.fi\/wordpress\/wp-json\/wp\/v2\/pages"}],"about":[{"href":"https:\/\/www.motorwheel.fi\/wordpress\/wp-json\/wp\/v2\/types\/page"}],"author":[{"embeddable":true,"href":"https:\/\/www.motorwheel.fi\/wordpress\/wp-json\/wp\/v2\/users\/1"}],"replies":[{"embeddable":true,"href":"https:\/\/www.motorwheel.fi\/wordpress\/wp-json\/wp\/v2\/comments?post=174"}],"version-history":[{"count":13,"href":"https:\/\/www.motorwheel.fi\/wordpress\/wp-json\/wp\/v2\/pages\/174\/revisions"}],"predecessor-version":[{"id":244,"href":"https:\/\/www.motorwheel.fi\/wordpress\/wp-json\/wp\/v2\/pages\/174\/revisions\/244"}],"wp:attachment":[{"href":"https:\/\/www.motorwheel.fi\/wordpress\/wp-json\/wp\/v2\/media?parent=174"}],"curies":[{"name":"wp","href":"https:\/\/api.w.org\/{rel}","templated":true}]}}