{"id":52,"date":"2019-05-14T16:56:10","date_gmt":"2019-05-14T13:56:10","guid":{"rendered":"http:\/\/www.motorwheel.fi\/wordpress\/?page_id=52"},"modified":"2025-01-25T10:45:21","modified_gmt":"2025-01-25T08:45:21","slug":"tuotteet-ja-palvelut","status":"publish","type":"page","link":"https:\/\/www.motorwheel.fi\/wordpress\/","title":{"rendered":"Yritysesittely"},"content":{"rendered":"\n<p>MOTORWHEEL on vuonna 2019 perustettu rengas- ja mopotarvikeliike (Ylivieskan Niemel\u00e4nkyl\u00e4ll\u00e4, 6 km keskustasta).<\/p>\n\n\n\n<p>Tarjoamme joustavaa, asiakaskeskeist\u00e4 rengaspalvelua autoilijoille. Meilt\u00e4 saat renkaat, vanteet sek\u00e4 asennuspalvelun kilpailukykyisin hinnoin. Kauttamme my\u00f6s mopotarvikkeet klassikkomopoihin Tunturi, Suzuki ja Honda.<\/p>\n\n\n\n<p>Edustamme useita rengasmerkkej\u00e4 edullisimmista budjettirenkaista aina huippuluokan premium-renkaisiin, esimerkiksi:<\/p>\n\n\n\n<ul class=\"wp-block-list\">\n<li>Linglong<\/li>\n\n\n\n<li>Triangle<\/li>\n\n\n\n<li>Goodride<\/li>\n\n\n\n<li>Nankang<\/li>\n\n\n\n<li>Ovation<\/li>\n\n\n\n<li>GT Radial Champiro<\/li>\n\n\n\n<li>Nexen<\/li>\n\n\n\n<li>Hankook<\/li>\n\n\n\n<li>Michelin<\/li>\n\n\n\n<li>Goodyear<\/li>\n\n\n\n<li>Nokian<\/li>\n<\/ul>\n\n\n\n<p>Yritystoiminta on sivutoimista, jonka vuoksi aukioloaikamme ep\u00e4s\u00e4\u00e4nn\u00f6lliset. Avoinna sopimuksen mukaan.<\/p>\n\n\n\n<p>Huomioithan, ett\u00e4 paikan p\u00e4\u00e4ll\u00e4 ei ole jatkuvaa p\u00e4ivystyst\u00e4, joten kehotamme tarkistamaan paikallaolon etuk\u00e4teen puhelimitse!<\/p>\n\n\n\n<p><\/p>\n","protected":false},"excerpt":{"rendered":"<p>MOTORWHEEL on vuonna 2019 perustettu rengas- ja mopotarvikeliike (Ylivieskan Niemel\u00e4nkyl\u00e4ll\u00e4, 6 km keskustasta). Tarjoamme joustavaa, asiakaskeskeist\u00e4 rengaspalvelua autoilijoille. Meilt\u00e4 saat renkaat, vanteet sek\u00e4 asennuspalvelun kilpailukykyisin hinnoin. Kauttamme my\u00f6s mopotarvikkeet klassikkomopoihin Tunturi, Suzuki ja Honda. Edustamme useita rengasmerkkej\u00e4 edullisimmista budjettirenkaista aina huippuluokan premium-renkaisiin, esimerkiksi: Yritystoiminta on sivutoimista, jonka vuoksi aukioloaikamme ep\u00e4s\u00e4\u00e4nn\u00f6lliset. Avoinna sopimuksen mukaan. Huomioithan, ett\u00e4 &hellip; <\/p>\n<p class=\"link-more\"><a href=\"https:\/\/www.motorwheel.fi\/wordpress\/\" class=\"more-link\">Jatka lukemista<span class=\"screen-reader-text\"> &#8221;Yritysesittely&#8221;<\/span><\/a><\/p>\n","protected":false},"author":1,"featured_media":0,"parent":0,"menu_order":0,"comment_status":"closed","ping_status":"closed","template":"","meta":{"footnotes":""},"class_list":["post-52","page","type-page","status-publish","hentry"],"yoast_head":"<!-- This site is optimized with the Yoast SEO plugin v23.1 - https:\/\/yoast.com\/wordpress\/plugins\/seo\/ -->\n<title>Yritysesittely - Motorwheel<\/title>\n<meta name=\"description\" content=\"Yritysesittely Motorwheel Joustavaa, asiakaskeskeist\u00e4 rengaspalvelua autoilijoille. Renkaat, vanteet ja rengasty\u00f6t Ylivieskasta edullisesti.\" \/>\n<meta name=\"robots\" content=\"index, follow, max-snippet:-1, max-image-preview:large, max-video-preview:-1\" \/>\n<link rel=\"canonical\" href=\"https:\/\/www.motorwheel.fi\/wordpress\/\" \/>\n<meta property=\"og:locale\" content=\"fi_FI\" \/>\n<meta property=\"og:type\" content=\"article\" \/>\n<meta property=\"og:title\" content=\"Yritysesittely - Motorwheel\" \/>\n<meta property=\"og:description\" content=\"Yritysesittely Motorwheel Joustavaa, asiakaskeskeist\u00e4 rengaspalvelua autoilijoille. Renkaat, vanteet ja rengasty\u00f6t Ylivieskasta edullisesti.\" \/>\n<meta property=\"og:url\" content=\"https:\/\/www.motorwheel.fi\/wordpress\/\" \/>\n<meta property=\"og:site_name\" content=\"Motorwheel\" \/>\n<meta property=\"article:modified_time\" content=\"2025-01-25T08:45:21+00:00\" \/>\n<meta name=\"twitter:card\" content=\"summary_large_image\" \/>\n<meta name=\"twitter:label1\" content=\"Arvioitu lukuaika\" \/>\n\t<meta name=\"twitter:data1\" content=\"1 minuutti\" \/>\n<script type=\"application\/ld+json\" class=\"yoast-schema-graph\">{\"@context\":\"https:\/\/schema.org\",\"@graph\":[{\"@type\":\"WebPage\",\"@id\":\"https:\/\/www.motorwheel.fi\/wordpress\/\",\"url\":\"https:\/\/www.motorwheel.fi\/wordpress\/\",\"name\":\"Yritysesittely - Motorwheel\",\"isPartOf\":{\"@id\":\"https:\/\/www.motorwheel.fi\/wordpress\/#website\"},\"datePublished\":\"2019-05-14T13:56:10+00:00\",\"dateModified\":\"2025-01-25T08:45:21+00:00\",\"description\":\"Yritysesittely Motorwheel Joustavaa, asiakaskeskeist\u00e4 rengaspalvelua autoilijoille. Renkaat, vanteet ja rengasty\u00f6t Ylivieskasta edullisesti.\",\"breadcrumb\":{\"@id\":\"https:\/\/www.motorwheel.fi\/wordpress\/#breadcrumb\"},\"inLanguage\":\"fi\",\"potentialAction\":[{\"@type\":\"ReadAction\",\"target\":[\"https:\/\/www.motorwheel.fi\/wordpress\/\"]}]},{\"@type\":\"BreadcrumbList\",\"@id\":\"https:\/\/www.motorwheel.fi\/wordpress\/#breadcrumb\",\"itemListElement\":[{\"@type\":\"ListItem\",\"position\":1,\"name\":\"Home\",\"item\":\"https:\/\/www.motorwheel.fi\/wordpress\/\"},{\"@type\":\"ListItem\",\"position\":2,\"name\":\"Yritysesittely\"}]},{\"@type\":\"WebSite\",\"@id\":\"https:\/\/www.motorwheel.fi\/wordpress\/#website\",\"url\":\"https:\/\/www.motorwheel.fi\/wordpress\/\",\"name\":\"Motorwheel\",\"description\":\"Joustavaa ja asiakaskeskeist\u00e4 rengaspalvelua autoilijoille sek\u00e4 mopotarvikkeet klassikkomopoihin\",\"publisher\":{\"@id\":\"https:\/\/www.motorwheel.fi\/wordpress\/#organization\"},\"potentialAction\":[{\"@type\":\"SearchAction\",\"target\":{\"@type\":\"EntryPoint\",\"urlTemplate\":\"https:\/\/www.motorwheel.fi\/wordpress\/?s={search_term_string}\"},\"query-input\":\"required name=search_term_string\"}],\"inLanguage\":\"fi\"},{\"@type\":\"Organization\",\"@id\":\"https:\/\/www.motorwheel.fi\/wordpress\/#organization\",\"name\":\"Motorwheel\",\"url\":\"https:\/\/www.motorwheel.fi\/wordpress\/\",\"logo\":{\"@type\":\"ImageObject\",\"inLanguage\":\"fi\",\"@id\":\"https:\/\/www.motorwheel.fi\/wordpress\/#\/schema\/logo\/image\/\",\"url\":\"https:\/\/www.motorwheel.fi\/wordpress\/wp-content\/uploads\/2019\/06\/LOGO7.jpg\",\"contentUrl\":\"https:\/\/www.motorwheel.fi\/wordpress\/wp-content\/uploads\/2019\/06\/LOGO7.jpg\",\"width\":1280,\"height\":782,\"caption\":\"Motorwheel\"},\"image\":{\"@id\":\"https:\/\/www.motorwheel.fi\/wordpress\/#\/schema\/logo\/image\/\"}}]}<\/script>\n<!-- \/ Yoast SEO plugin. -->","yoast_head_json":{"title":"Yritysesittely - Motorwheel","description":"Yritysesittely Motorwheel Joustavaa, asiakaskeskeist\u00e4 rengaspalvelua autoilijoille. Renkaat, vanteet ja rengasty\u00f6t Ylivieskasta edullisesti.","robots":{"index":"index","follow":"follow","max-snippet":"max-snippet:-1","max-image-preview":"max-image-preview:large","max-video-preview":"max-video-preview:-1"},"canonical":"https:\/\/www.motorwheel.fi\/wordpress\/","og_locale":"fi_FI","og_type":"article","og_title":"Yritysesittely - Motorwheel","og_description":"Yritysesittely Motorwheel Joustavaa, asiakaskeskeist\u00e4 rengaspalvelua autoilijoille. Renkaat, vanteet ja rengasty\u00f6t Ylivieskasta edullisesti.","og_url":"https:\/\/www.motorwheel.fi\/wordpress\/","og_site_name":"Motorwheel","article_modified_time":"2025-01-25T08:45:21+00:00","twitter_card":"summary_large_image","twitter_misc":{"Arvioitu lukuaika":"1 minuutti"},"schema":{"@context":"https:\/\/schema.org","@graph":[{"@type":"WebPage","@id":"https:\/\/www.motorwheel.fi\/wordpress\/","url":"https:\/\/www.motorwheel.fi\/wordpress\/","name":"Yritysesittely - Motorwheel","isPartOf":{"@id":"https:\/\/www.motorwheel.fi\/wordpress\/#website"},"datePublished":"2019-05-14T13:56:10+00:00","dateModified":"2025-01-25T08:45:21+00:00","description":"Yritysesittely Motorwheel Joustavaa, asiakaskeskeist\u00e4 rengaspalvelua autoilijoille. Renkaat, vanteet ja rengasty\u00f6t Ylivieskasta edullisesti.","breadcrumb":{"@id":"https:\/\/www.motorwheel.fi\/wordpress\/#breadcrumb"},"inLanguage":"fi","potentialAction":[{"@type":"ReadAction","target":["https:\/\/www.motorwheel.fi\/wordpress\/"]}]},{"@type":"BreadcrumbList","@id":"https:\/\/www.motorwheel.fi\/wordpress\/#breadcrumb","itemListElement":[{"@type":"ListItem","position":1,"name":"Home","item":"https:\/\/www.motorwheel.fi\/wordpress\/"},{"@type":"ListItem","position":2,"name":"Yritysesittely"}]},{"@type":"WebSite","@id":"https:\/\/www.motorwheel.fi\/wordpress\/#website","url":"https:\/\/www.motorwheel.fi\/wordpress\/","name":"Motorwheel","description":"Joustavaa ja asiakaskeskeist\u00e4 rengaspalvelua autoilijoille sek\u00e4 mopotarvikkeet klassikkomopoihin","publisher":{"@id":"https:\/\/www.motorwheel.fi\/wordpress\/#organization"},"potentialAction":[{"@type":"SearchAction","target":{"@type":"EntryPoint","urlTemplate":"https:\/\/www.motorwheel.fi\/wordpress\/?s={search_term_string}"},"query-input":"required name=search_term_string"}],"inLanguage":"fi"},{"@type":"Organization","@id":"https:\/\/www.motorwheel.fi\/wordpress\/#organization","name":"Motorwheel","url":"https:\/\/www.motorwheel.fi\/wordpress\/","logo":{"@type":"ImageObject","inLanguage":"fi","@id":"https:\/\/www.motorwheel.fi\/wordpress\/#\/schema\/logo\/image\/","url":"https:\/\/www.motorwheel.fi\/wordpress\/wp-content\/uploads\/2019\/06\/LOGO7.jpg","contentUrl":"https:\/\/www.motorwheel.fi\/wordpress\/wp-content\/uploads\/2019\/06\/LOGO7.jpg","width":1280,"height":782,"caption":"Motorwheel"},"image":{"@id":"https:\/\/www.motorwheel.fi\/wordpress\/#\/schema\/logo\/image\/"}}]}},"_links":{"self":[{"href":"https:\/\/www.motorwheel.fi\/wordpress\/wp-json\/wp\/v2\/pages\/52"}],"collection":[{"href":"https:\/\/www.motorwheel.fi\/wordpress\/wp-json\/wp\/v2\/pages"}],"about":[{"href":"https:\/\/www.motorwheel.fi\/wordpress\/wp-json\/wp\/v2\/types\/page"}],"author":[{"embeddable":true,"href":"https:\/\/www.motorwheel.fi\/wordpress\/wp-json\/wp\/v2\/users\/1"}],"replies":[{"embeddable":true,"href":"https:\/\/www.motorwheel.fi\/wordpress\/wp-json\/wp\/v2\/comments?post=52"}],"version-history":[{"count":12,"href":"https:\/\/www.motorwheel.fi\/wordpress\/wp-json\/wp\/v2\/pages\/52\/revisions"}],"predecessor-version":[{"id":235,"href":"https:\/\/www.motorwheel.fi\/wordpress\/wp-json\/wp\/v2\/pages\/52\/revisions\/235"}],"wp:attachment":[{"href":"https:\/\/www.motorwheel.fi\/wordpress\/wp-json\/wp\/v2\/media?parent=52"}],"curies":[{"name":"wp","href":"https:\/\/api.w.org\/{rel}","templated":true}]}}