{"id":82,"date":"2019-06-13T18:47:56","date_gmt":"2019-06-13T15:47:56","guid":{"rendered":"http:\/\/www.motorwheel.fi\/wordpress\/?page_id=82"},"modified":"2025-03-31T20:08:44","modified_gmt":"2025-03-31T17:08:44","slug":"tyohinnasto","status":"publish","type":"page","link":"https:\/\/www.motorwheel.fi\/wordpress\/tyohinnasto\/","title":{"rendered":"Ty\u00f6hinnasto"},"content":{"rendered":"\n<p>Rengasty\u00f6n hintaesimerkkej\u00e4 4kpl sarjalle: (sis. vannety\u00f6 + tasapainotus, uudet tubeless-venttiilit ja ALV 25,5%).<\/p>\n\n\n\n<ul class=\"wp-block-list\">\n<li>13\u201d = 40\u20ac<\/li>\n\n\n\n<li>14\u201d = 45\u20ac<\/li>\n\n\n\n<li>15\u201d = 50\u20ac<\/li>\n\n\n\n<li>16\u201d = 55\u20ac<\/li>\n\n\n\n<li>17\u201d = 60\u20ac<\/li>\n\n\n\n<li>18\u201d = 65\u20ac<\/li>\n\n\n\n<li>19\u201d = 70\u20ac<\/li>\n\n\n\n<li>20\u201d = 75\u20ac <\/li>\n<\/ul>\n\n\n\n<p>Rengasty\u00f6n ostajalle alleasennus 10\u20ac<\/p>\n\n\n\n<p>Renkaiden kausivaihto (henkil\u00f6autot 35\u20ac)<\/p>\n\n\n\n<p>Renkaiden tasapainotus (irtovanteilla 25\u20ac) tai (auton alla oleville renkaille, henkil\u00f6autot 45\u20ac)<\/p>\n","protected":false},"excerpt":{"rendered":"<p>Rengasty\u00f6n hintaesimerkkej\u00e4 4kpl sarjalle: (sis. vannety\u00f6 + tasapainotus, uudet tubeless-venttiilit ja ALV 25,5%). Rengasty\u00f6n ostajalle alleasennus 10\u20ac Renkaiden kausivaihto (henkil\u00f6autot 35\u20ac) Renkaiden tasapainotus (irtovanteilla 25\u20ac) tai (auton alla oleville renkaille, henkil\u00f6autot 45\u20ac)<\/p>\n","protected":false},"author":1,"featured_media":0,"parent":0,"menu_order":0,"comment_status":"closed","ping_status":"closed","template":"","meta":{"footnotes":""},"class_list":["post-82","page","type-page","status-publish","hentry"],"yoast_head":"<!-- This site is optimized with the Yoast SEO plugin v23.1 - https:\/\/yoast.com\/wordpress\/plugins\/seo\/ -->\n<title>Ty\u00f6hinnasto - Motorwheel<\/title>\n<meta name=\"description\" content=\"Ty\u00f6hinnasto Motorwheel Joustavaa, asiakaskeskeist\u00e4 rengaspalvelua autoilijoille. Renkaat, vanteet ja rengasty\u00f6t Ylivieskasta edullisesti.\" \/>\n<meta name=\"robots\" content=\"index, follow, max-snippet:-1, max-image-preview:large, max-video-preview:-1\" \/>\n<link rel=\"canonical\" href=\"https:\/\/www.motorwheel.fi\/wordpress\/tyohinnasto\/\" \/>\n<meta property=\"og:locale\" content=\"fi_FI\" \/>\n<meta property=\"og:type\" content=\"article\" \/>\n<meta property=\"og:title\" content=\"Ty\u00f6hinnasto - Motorwheel\" \/>\n<meta property=\"og:description\" content=\"Ty\u00f6hinnasto Motorwheel Joustavaa, asiakaskeskeist\u00e4 rengaspalvelua autoilijoille. Renkaat, vanteet ja rengasty\u00f6t Ylivieskasta edullisesti.\" \/>\n<meta property=\"og:url\" content=\"https:\/\/www.motorwheel.fi\/wordpress\/tyohinnasto\/\" \/>\n<meta property=\"og:site_name\" content=\"Motorwheel\" \/>\n<meta property=\"article:modified_time\" content=\"2025-03-31T17:08:44+00:00\" \/>\n<meta name=\"twitter:card\" content=\"summary_large_image\" \/>\n<meta name=\"twitter:label1\" content=\"Arvioitu lukuaika\" \/>\n\t<meta name=\"twitter:data1\" content=\"1 minuutti\" \/>\n<script type=\"application\/ld+json\" class=\"yoast-schema-graph\">{\"@context\":\"https:\/\/schema.org\",\"@graph\":[{\"@type\":\"WebPage\",\"@id\":\"https:\/\/www.motorwheel.fi\/wordpress\/tyohinnasto\/\",\"url\":\"https:\/\/www.motorwheel.fi\/wordpress\/tyohinnasto\/\",\"name\":\"Ty\u00f6hinnasto - Motorwheel\",\"isPartOf\":{\"@id\":\"https:\/\/www.motorwheel.fi\/wordpress\/#website\"},\"datePublished\":\"2019-06-13T15:47:56+00:00\",\"dateModified\":\"2025-03-31T17:08:44+00:00\",\"description\":\"Ty\u00f6hinnasto Motorwheel Joustavaa, asiakaskeskeist\u00e4 rengaspalvelua autoilijoille. Renkaat, vanteet ja rengasty\u00f6t Ylivieskasta edullisesti.\",\"breadcrumb\":{\"@id\":\"https:\/\/www.motorwheel.fi\/wordpress\/tyohinnasto\/#breadcrumb\"},\"inLanguage\":\"fi\",\"potentialAction\":[{\"@type\":\"ReadAction\",\"target\":[\"https:\/\/www.motorwheel.fi\/wordpress\/tyohinnasto\/\"]}]},{\"@type\":\"BreadcrumbList\",\"@id\":\"https:\/\/www.motorwheel.fi\/wordpress\/tyohinnasto\/#breadcrumb\",\"itemListElement\":[{\"@type\":\"ListItem\",\"position\":1,\"name\":\"Home\",\"item\":\"https:\/\/www.motorwheel.fi\/wordpress\/\"},{\"@type\":\"ListItem\",\"position\":2,\"name\":\"Ty\u00f6hinnasto\"}]},{\"@type\":\"WebSite\",\"@id\":\"https:\/\/www.motorwheel.fi\/wordpress\/#website\",\"url\":\"https:\/\/www.motorwheel.fi\/wordpress\/\",\"name\":\"Motorwheel\",\"description\":\"Joustavaa ja asiakaskeskeist\u00e4 rengaspalvelua autoilijoille sek\u00e4 mopotarvikkeet klassikkomopoihin\",\"publisher\":{\"@id\":\"https:\/\/www.motorwheel.fi\/wordpress\/#organization\"},\"potentialAction\":[{\"@type\":\"SearchAction\",\"target\":{\"@type\":\"EntryPoint\",\"urlTemplate\":\"https:\/\/www.motorwheel.fi\/wordpress\/?s={search_term_string}\"},\"query-input\":\"required name=search_term_string\"}],\"inLanguage\":\"fi\"},{\"@type\":\"Organization\",\"@id\":\"https:\/\/www.motorwheel.fi\/wordpress\/#organization\",\"name\":\"Motorwheel\",\"url\":\"https:\/\/www.motorwheel.fi\/wordpress\/\",\"logo\":{\"@type\":\"ImageObject\",\"inLanguage\":\"fi\",\"@id\":\"https:\/\/www.motorwheel.fi\/wordpress\/#\/schema\/logo\/image\/\",\"url\":\"https:\/\/www.motorwheel.fi\/wordpress\/wp-content\/uploads\/2019\/06\/LOGO7.jpg\",\"contentUrl\":\"https:\/\/www.motorwheel.fi\/wordpress\/wp-content\/uploads\/2019\/06\/LOGO7.jpg\",\"width\":1280,\"height\":782,\"caption\":\"Motorwheel\"},\"image\":{\"@id\":\"https:\/\/www.motorwheel.fi\/wordpress\/#\/schema\/logo\/image\/\"}}]}<\/script>\n<!-- \/ Yoast SEO plugin. -->","yoast_head_json":{"title":"Ty\u00f6hinnasto - Motorwheel","description":"Ty\u00f6hinnasto Motorwheel Joustavaa, asiakaskeskeist\u00e4 rengaspalvelua autoilijoille. Renkaat, vanteet ja rengasty\u00f6t Ylivieskasta edullisesti.","robots":{"index":"index","follow":"follow","max-snippet":"max-snippet:-1","max-image-preview":"max-image-preview:large","max-video-preview":"max-video-preview:-1"},"canonical":"https:\/\/www.motorwheel.fi\/wordpress\/tyohinnasto\/","og_locale":"fi_FI","og_type":"article","og_title":"Ty\u00f6hinnasto - Motorwheel","og_description":"Ty\u00f6hinnasto Motorwheel Joustavaa, asiakaskeskeist\u00e4 rengaspalvelua autoilijoille. Renkaat, vanteet ja rengasty\u00f6t Ylivieskasta edullisesti.","og_url":"https:\/\/www.motorwheel.fi\/wordpress\/tyohinnasto\/","og_site_name":"Motorwheel","article_modified_time":"2025-03-31T17:08:44+00:00","twitter_card":"summary_large_image","twitter_misc":{"Arvioitu lukuaika":"1 minuutti"},"schema":{"@context":"https:\/\/schema.org","@graph":[{"@type":"WebPage","@id":"https:\/\/www.motorwheel.fi\/wordpress\/tyohinnasto\/","url":"https:\/\/www.motorwheel.fi\/wordpress\/tyohinnasto\/","name":"Ty\u00f6hinnasto - Motorwheel","isPartOf":{"@id":"https:\/\/www.motorwheel.fi\/wordpress\/#website"},"datePublished":"2019-06-13T15:47:56+00:00","dateModified":"2025-03-31T17:08:44+00:00","description":"Ty\u00f6hinnasto Motorwheel Joustavaa, asiakaskeskeist\u00e4 rengaspalvelua autoilijoille. Renkaat, vanteet ja rengasty\u00f6t Ylivieskasta edullisesti.","breadcrumb":{"@id":"https:\/\/www.motorwheel.fi\/wordpress\/tyohinnasto\/#breadcrumb"},"inLanguage":"fi","potentialAction":[{"@type":"ReadAction","target":["https:\/\/www.motorwheel.fi\/wordpress\/tyohinnasto\/"]}]},{"@type":"BreadcrumbList","@id":"https:\/\/www.motorwheel.fi\/wordpress\/tyohinnasto\/#breadcrumb","itemListElement":[{"@type":"ListItem","position":1,"name":"Home","item":"https:\/\/www.motorwheel.fi\/wordpress\/"},{"@type":"ListItem","position":2,"name":"Ty\u00f6hinnasto"}]},{"@type":"WebSite","@id":"https:\/\/www.motorwheel.fi\/wordpress\/#website","url":"https:\/\/www.motorwheel.fi\/wordpress\/","name":"Motorwheel","description":"Joustavaa ja asiakaskeskeist\u00e4 rengaspalvelua autoilijoille sek\u00e4 mopotarvikkeet klassikkomopoihin","publisher":{"@id":"https:\/\/www.motorwheel.fi\/wordpress\/#organization"},"potentialAction":[{"@type":"SearchAction","target":{"@type":"EntryPoint","urlTemplate":"https:\/\/www.motorwheel.fi\/wordpress\/?s={search_term_string}"},"query-input":"required name=search_term_string"}],"inLanguage":"fi"},{"@type":"Organization","@id":"https:\/\/www.motorwheel.fi\/wordpress\/#organization","name":"Motorwheel","url":"https:\/\/www.motorwheel.fi\/wordpress\/","logo":{"@type":"ImageObject","inLanguage":"fi","@id":"https:\/\/www.motorwheel.fi\/wordpress\/#\/schema\/logo\/image\/","url":"https:\/\/www.motorwheel.fi\/wordpress\/wp-content\/uploads\/2019\/06\/LOGO7.jpg","contentUrl":"https:\/\/www.motorwheel.fi\/wordpress\/wp-content\/uploads\/2019\/06\/LOGO7.jpg","width":1280,"height":782,"caption":"Motorwheel"},"image":{"@id":"https:\/\/www.motorwheel.fi\/wordpress\/#\/schema\/logo\/image\/"}}]}},"_links":{"self":[{"href":"https:\/\/www.motorwheel.fi\/wordpress\/wp-json\/wp\/v2\/pages\/82"}],"collection":[{"href":"https:\/\/www.motorwheel.fi\/wordpress\/wp-json\/wp\/v2\/pages"}],"about":[{"href":"https:\/\/www.motorwheel.fi\/wordpress\/wp-json\/wp\/v2\/types\/page"}],"author":[{"embeddable":true,"href":"https:\/\/www.motorwheel.fi\/wordpress\/wp-json\/wp\/v2\/users\/1"}],"replies":[{"embeddable":true,"href":"https:\/\/www.motorwheel.fi\/wordpress\/wp-json\/wp\/v2\/comments?post=82"}],"version-history":[{"count":10,"href":"https:\/\/www.motorwheel.fi\/wordpress\/wp-json\/wp\/v2\/pages\/82\/revisions"}],"predecessor-version":[{"id":249,"href":"https:\/\/www.motorwheel.fi\/wordpress\/wp-json\/wp\/v2\/pages\/82\/revisions\/249"}],"wp:attachment":[{"href":"https:\/\/www.motorwheel.fi\/wordpress\/wp-json\/wp\/v2\/media?parent=82"}],"curies":[{"name":"wp","href":"https:\/\/api.w.org\/{rel}","templated":true}]}}