{"id":87,"date":"2019-06-13T18:52:54","date_gmt":"2019-06-13T15:52:54","guid":{"rendered":"http:\/\/www.motorwheel.fi\/wordpress\/?page_id=87"},"modified":"2026-03-12T17:25:06","modified_gmt":"2026-03-12T15:25:06","slug":"kesarengashinnasto","status":"publish","type":"page","link":"https:\/\/www.motorwheel.fi\/wordpress\/kesarengashinnasto\/","title":{"rendered":"Kes\u00e4rengashinnasto"},"content":{"rendered":"\n<p>Esimerkiksi: Linglong GreenMax on edullinen, huippusuosion saavuttanut Tekniikan maailman testimenestyj\u00e4. <\/p>\n\n\n\n<p>Hinnat (sis. vannety\u00f6 + tasapainotus, uudet tubeless-venttiilit, kierr\u00e4tysmaksut ja ALV 25,5%). <br><\/p>\n\n\n\n<ul class=\"wp-block-list\">\n<li>155\/80\/13 = 235\u20ac<\/li>\n\n\n\n<li>175\/65\/14 = 245\u20ac<\/li>\n\n\n\n<li>185\/65\/14 = 265\u20ac<\/li>\n\n\n\n<li>185\/65\/15 = 285\u20ac<\/li>\n\n\n\n<li>195\/65\/15 = 295\u20ac<\/li>\n\n\n\n<li>205\/55\/16 = 305\u20ac<\/li>\n\n\n\n<li>205\/60\/16 = 325\u20ac<\/li>\n\n\n\n<li>215\/55\/16 = 385\u20ac<\/li>\n\n\n\n<li>215\/65\/16 = 355\u20ac<\/li>\n\n\n\n<li>215\/55\/17 = 395\u20ac<\/li>\n\n\n\n<li>225\/45\/17 = 365\u20ac<\/li>\n\n\n\n<li>225\/50\/17 = 415\u20ac<\/li>\n\n\n\n<li>225\/55\/17 = 435\u20ac<\/li>\n\n\n\n<li>225\/40\/18 = 385\u20ac<\/li>\n\n\n\n<li>225\/45\/18 = 425\u20ac<\/li>\n\n\n\n<li>235\/40\/18 = 435\u20ac<\/li>\n\n\n\n<li>235\/60\/18 = 515\u20ac<\/li>\n\n\n\n<li>235\/35\/19 = 465\u20ac<\/li>\n\n\n\n<li>245\/35\/20 = 525\u20ac<\/li>\n<\/ul>\n\n\n\n<p>Kysy tarjous my\u00f6s muista rengaskoista ja -merkeist\u00e4.<\/p>\n\n\n\n<p>Rengassarjan ostajalle alleasennus 10\u20ac.<\/p>\n\n\n\n<p><\/p>\n","protected":false},"excerpt":{"rendered":"<p>Esimerkiksi: Linglong GreenMax on edullinen, huippusuosion saavuttanut Tekniikan maailman testimenestyj\u00e4. Hinnat (sis. vannety\u00f6 + tasapainotus, uudet tubeless-venttiilit, kierr\u00e4tysmaksut ja ALV 25,5%). Kysy tarjous my\u00f6s muista rengaskoista ja -merkeist\u00e4. Rengassarjan ostajalle alleasennus 10\u20ac.<\/p>\n","protected":false},"author":1,"featured_media":0,"parent":0,"menu_order":0,"comment_status":"closed","ping_status":"closed","template":"","meta":{"footnotes":""},"class_list":["post-87","page","type-page","status-publish","hentry"],"yoast_head":"<!-- This site is optimized with the Yoast SEO plugin v23.1 - https:\/\/yoast.com\/wordpress\/plugins\/seo\/ -->\n<title>Kes\u00e4rengashinnasto - Motorwheel<\/title>\n<meta name=\"description\" content=\"Kes\u00e4rengashinnasto Motorwheel Joustavaa, asiakaskeskeist\u00e4 rengaspalvelua autoilijoille. Renkaat, vanteet ja rengasty\u00f6t Ylivieskasta edullisesti.\" \/>\n<meta name=\"robots\" content=\"index, follow, max-snippet:-1, max-image-preview:large, max-video-preview:-1\" \/>\n<link rel=\"canonical\" href=\"https:\/\/www.motorwheel.fi\/wordpress\/kesarengashinnasto\/\" \/>\n<meta property=\"og:locale\" content=\"fi_FI\" \/>\n<meta property=\"og:type\" content=\"article\" \/>\n<meta property=\"og:title\" content=\"Kes\u00e4rengashinnasto - Motorwheel\" \/>\n<meta property=\"og:description\" content=\"Kes\u00e4rengashinnasto Motorwheel Joustavaa, asiakaskeskeist\u00e4 rengaspalvelua autoilijoille. Renkaat, vanteet ja rengasty\u00f6t Ylivieskasta edullisesti.\" \/>\n<meta property=\"og:url\" content=\"https:\/\/www.motorwheel.fi\/wordpress\/kesarengashinnasto\/\" \/>\n<meta property=\"og:site_name\" content=\"Motorwheel\" \/>\n<meta property=\"article:modified_time\" content=\"2026-03-12T15:25:06+00:00\" \/>\n<meta name=\"twitter:card\" content=\"summary_large_image\" \/>\n<meta name=\"twitter:label1\" content=\"Arvioitu lukuaika\" \/>\n\t<meta name=\"twitter:data1\" content=\"1 minuutti\" \/>\n<script type=\"application\/ld+json\" class=\"yoast-schema-graph\">{\"@context\":\"https:\/\/schema.org\",\"@graph\":[{\"@type\":\"WebPage\",\"@id\":\"https:\/\/www.motorwheel.fi\/wordpress\/kesarengashinnasto\/\",\"url\":\"https:\/\/www.motorwheel.fi\/wordpress\/kesarengashinnasto\/\",\"name\":\"Kes\u00e4rengashinnasto - Motorwheel\",\"isPartOf\":{\"@id\":\"https:\/\/www.motorwheel.fi\/wordpress\/#website\"},\"datePublished\":\"2019-06-13T15:52:54+00:00\",\"dateModified\":\"2026-03-12T15:25:06+00:00\",\"description\":\"Kes\u00e4rengashinnasto Motorwheel Joustavaa, asiakaskeskeist\u00e4 rengaspalvelua autoilijoille. Renkaat, vanteet ja rengasty\u00f6t Ylivieskasta edullisesti.\",\"breadcrumb\":{\"@id\":\"https:\/\/www.motorwheel.fi\/wordpress\/kesarengashinnasto\/#breadcrumb\"},\"inLanguage\":\"fi\",\"potentialAction\":[{\"@type\":\"ReadAction\",\"target\":[\"https:\/\/www.motorwheel.fi\/wordpress\/kesarengashinnasto\/\"]}]},{\"@type\":\"BreadcrumbList\",\"@id\":\"https:\/\/www.motorwheel.fi\/wordpress\/kesarengashinnasto\/#breadcrumb\",\"itemListElement\":[{\"@type\":\"ListItem\",\"position\":1,\"name\":\"Home\",\"item\":\"https:\/\/www.motorwheel.fi\/wordpress\/\"},{\"@type\":\"ListItem\",\"position\":2,\"name\":\"Kes\u00e4rengashinnasto\"}]},{\"@type\":\"WebSite\",\"@id\":\"https:\/\/www.motorwheel.fi\/wordpress\/#website\",\"url\":\"https:\/\/www.motorwheel.fi\/wordpress\/\",\"name\":\"Motorwheel\",\"description\":\"Joustavaa ja asiakaskeskeist\u00e4 rengaspalvelua autoilijoille sek\u00e4 mopotarvikkeet klassikkomopoihin\",\"publisher\":{\"@id\":\"https:\/\/www.motorwheel.fi\/wordpress\/#organization\"},\"potentialAction\":[{\"@type\":\"SearchAction\",\"target\":{\"@type\":\"EntryPoint\",\"urlTemplate\":\"https:\/\/www.motorwheel.fi\/wordpress\/?s={search_term_string}\"},\"query-input\":\"required name=search_term_string\"}],\"inLanguage\":\"fi\"},{\"@type\":\"Organization\",\"@id\":\"https:\/\/www.motorwheel.fi\/wordpress\/#organization\",\"name\":\"Motorwheel\",\"url\":\"https:\/\/www.motorwheel.fi\/wordpress\/\",\"logo\":{\"@type\":\"ImageObject\",\"inLanguage\":\"fi\",\"@id\":\"https:\/\/www.motorwheel.fi\/wordpress\/#\/schema\/logo\/image\/\",\"url\":\"https:\/\/www.motorwheel.fi\/wordpress\/wp-content\/uploads\/2019\/06\/LOGO7.jpg\",\"contentUrl\":\"https:\/\/www.motorwheel.fi\/wordpress\/wp-content\/uploads\/2019\/06\/LOGO7.jpg\",\"width\":1280,\"height\":782,\"caption\":\"Motorwheel\"},\"image\":{\"@id\":\"https:\/\/www.motorwheel.fi\/wordpress\/#\/schema\/logo\/image\/\"}}]}<\/script>\n<!-- \/ Yoast SEO plugin. -->","yoast_head_json":{"title":"Kes\u00e4rengashinnasto - Motorwheel","description":"Kes\u00e4rengashinnasto Motorwheel Joustavaa, asiakaskeskeist\u00e4 rengaspalvelua autoilijoille. Renkaat, vanteet ja rengasty\u00f6t Ylivieskasta edullisesti.","robots":{"index":"index","follow":"follow","max-snippet":"max-snippet:-1","max-image-preview":"max-image-preview:large","max-video-preview":"max-video-preview:-1"},"canonical":"https:\/\/www.motorwheel.fi\/wordpress\/kesarengashinnasto\/","og_locale":"fi_FI","og_type":"article","og_title":"Kes\u00e4rengashinnasto - Motorwheel","og_description":"Kes\u00e4rengashinnasto Motorwheel Joustavaa, asiakaskeskeist\u00e4 rengaspalvelua autoilijoille. Renkaat, vanteet ja rengasty\u00f6t Ylivieskasta edullisesti.","og_url":"https:\/\/www.motorwheel.fi\/wordpress\/kesarengashinnasto\/","og_site_name":"Motorwheel","article_modified_time":"2026-03-12T15:25:06+00:00","twitter_card":"summary_large_image","twitter_misc":{"Arvioitu lukuaika":"1 minuutti"},"schema":{"@context":"https:\/\/schema.org","@graph":[{"@type":"WebPage","@id":"https:\/\/www.motorwheel.fi\/wordpress\/kesarengashinnasto\/","url":"https:\/\/www.motorwheel.fi\/wordpress\/kesarengashinnasto\/","name":"Kes\u00e4rengashinnasto - Motorwheel","isPartOf":{"@id":"https:\/\/www.motorwheel.fi\/wordpress\/#website"},"datePublished":"2019-06-13T15:52:54+00:00","dateModified":"2026-03-12T15:25:06+00:00","description":"Kes\u00e4rengashinnasto Motorwheel Joustavaa, asiakaskeskeist\u00e4 rengaspalvelua autoilijoille. Renkaat, vanteet ja rengasty\u00f6t Ylivieskasta edullisesti.","breadcrumb":{"@id":"https:\/\/www.motorwheel.fi\/wordpress\/kesarengashinnasto\/#breadcrumb"},"inLanguage":"fi","potentialAction":[{"@type":"ReadAction","target":["https:\/\/www.motorwheel.fi\/wordpress\/kesarengashinnasto\/"]}]},{"@type":"BreadcrumbList","@id":"https:\/\/www.motorwheel.fi\/wordpress\/kesarengashinnasto\/#breadcrumb","itemListElement":[{"@type":"ListItem","position":1,"name":"Home","item":"https:\/\/www.motorwheel.fi\/wordpress\/"},{"@type":"ListItem","position":2,"name":"Kes\u00e4rengashinnasto"}]},{"@type":"WebSite","@id":"https:\/\/www.motorwheel.fi\/wordpress\/#website","url":"https:\/\/www.motorwheel.fi\/wordpress\/","name":"Motorwheel","description":"Joustavaa ja asiakaskeskeist\u00e4 rengaspalvelua autoilijoille sek\u00e4 mopotarvikkeet klassikkomopoihin","publisher":{"@id":"https:\/\/www.motorwheel.fi\/wordpress\/#organization"},"potentialAction":[{"@type":"SearchAction","target":{"@type":"EntryPoint","urlTemplate":"https:\/\/www.motorwheel.fi\/wordpress\/?s={search_term_string}"},"query-input":"required name=search_term_string"}],"inLanguage":"fi"},{"@type":"Organization","@id":"https:\/\/www.motorwheel.fi\/wordpress\/#organization","name":"Motorwheel","url":"https:\/\/www.motorwheel.fi\/wordpress\/","logo":{"@type":"ImageObject","inLanguage":"fi","@id":"https:\/\/www.motorwheel.fi\/wordpress\/#\/schema\/logo\/image\/","url":"https:\/\/www.motorwheel.fi\/wordpress\/wp-content\/uploads\/2019\/06\/LOGO7.jpg","contentUrl":"https:\/\/www.motorwheel.fi\/wordpress\/wp-content\/uploads\/2019\/06\/LOGO7.jpg","width":1280,"height":782,"caption":"Motorwheel"},"image":{"@id":"https:\/\/www.motorwheel.fi\/wordpress\/#\/schema\/logo\/image\/"}}]}},"_links":{"self":[{"href":"https:\/\/www.motorwheel.fi\/wordpress\/wp-json\/wp\/v2\/pages\/87"}],"collection":[{"href":"https:\/\/www.motorwheel.fi\/wordpress\/wp-json\/wp\/v2\/pages"}],"about":[{"href":"https:\/\/www.motorwheel.fi\/wordpress\/wp-json\/wp\/v2\/types\/page"}],"author":[{"embeddable":true,"href":"https:\/\/www.motorwheel.fi\/wordpress\/wp-json\/wp\/v2\/users\/1"}],"replies":[{"embeddable":true,"href":"https:\/\/www.motorwheel.fi\/wordpress\/wp-json\/wp\/v2\/comments?post=87"}],"version-history":[{"count":30,"href":"https:\/\/www.motorwheel.fi\/wordpress\/wp-json\/wp\/v2\/pages\/87\/revisions"}],"predecessor-version":[{"id":252,"href":"https:\/\/www.motorwheel.fi\/wordpress\/wp-json\/wp\/v2\/pages\/87\/revisions\/252"}],"wp:attachment":[{"href":"https:\/\/www.motorwheel.fi\/wordpress\/wp-json\/wp\/v2\/media?parent=87"}],"curies":[{"name":"wp","href":"https:\/\/api.w.org\/{rel}","templated":true}]}}